{"id":837,"date":"2021-04-07T04:38:40","date_gmt":"2021-04-07T04:38:40","guid":{"rendered":"https:\/\/lucasdz.com\/wordpress\/?page_id=837"},"modified":"2021-04-07T06:30:29","modified_gmt":"2021-04-07T06:30:29","slug":"departement-construction-modulaire","status":"publish","type":"page","link":"https:\/\/lucasdz.com\/index.php\/departement-construction-modulaire\/","title":{"rendered":"D\u00e9partement Construction modulaire"},"content":{"rendered":"\t\t<div data-elementor-type=\"wp-page\" data-elementor-id=\"837\" class=\"elementor elementor-837\" data-elementor-settings=\"[]\">\n\t\t\t\t\t\t\t<div class=\"elementor-section-wrap\">\n\t\t\t\t\t\t\t<section class=\"elementor-section elementor-top-section elementor-element elementor-element-7be30e47 elementor-section-boxed elementor-section-height-default elementor-section-height-default elementor-invisible\" data-id=\"7be30e47\" data-element_type=\"section\" data-settings=\"{&quot;animation&quot;:&quot;zoomIn&quot;}\">\n\t\t\t\t\t\t<div class=\"elementor-container elementor-column-gap-default\">\n\t\t\t\t\t<div class=\"elementor-column elementor-col-50 elementor-top-column elementor-element elementor-element-5cc3d13d\" data-id=\"5cc3d13d\" data-element_type=\"column\">\n\t\t\t<div class=\"elementor-widget-wrap elementor-element-populated\">\n\t\t\t\t\t\t\t\t<div class=\"elementor-element elementor-element-24490594 elementor-widget elementor-widget-image\" data-id=\"24490594\" data-element_type=\"widget\" data-widget_type=\"image.default\">\n\t\t\t\t<div class=\"elementor-widget-container\">\n\t\t\t\t\t\t\t\t\t\t\t\t\t\t\t<img loading=\"lazy\" decoding=\"async\" width=\"530\" height=\"400\" src=\"https:\/\/lucasdz.com\/wp-content\/uploads\/2021\/04\/comp2.jpg\" class=\"attachment-full size-full\" alt=\"\" srcset=\"https:\/\/lucasdz.com\/wp-content\/uploads\/2021\/04\/comp2.jpg 530w, https:\/\/lucasdz.com\/wp-content\/uploads\/2021\/04\/comp2-300x226.jpg 300w\" sizes=\"auto, (max-width: 530px) 100vw, 530px\" \/>\t\t\t\t\t\t\t\t\t\t\t\t\t\t\t<\/div>\n\t\t\t\t<\/div>\n\t\t\t\t\t<\/div>\n\t\t<\/div>\n\t\t\t\t<div class=\"elementor-column elementor-col-50 elementor-top-column elementor-element elementor-element-419b76fe\" data-id=\"419b76fe\" data-element_type=\"column\">\n\t\t\t<div class=\"elementor-widget-wrap elementor-element-populated\">\n\t\t\t\t\t\t\t\t<div class=\"elementor-element elementor-element-bb39a13 elementor-widget elementor-widget-heading\" data-id=\"bb39a13\" data-element_type=\"widget\" data-widget_type=\"heading.default\">\n\t\t\t\t<div class=\"elementor-widget-container\">\n\t\t\t<h2 class=\"elementor-heading-title elementor-size-default\"><h5 style=\"margin-bottom: 16px; padding: 0px; border: 0px; outline: 0px; font-size: 18px; vertical-align: baseline; background-image: initial; background-position: initial; background-size: initial; background-repeat: initial; background-attachment: initial; background-origin: initial; background-clip: initial; font-family: Raleway, sans-serif; font-weight: normal; color: rgb(41, 128, 185); line-height: 23px; white-space: normal;\">D\u00e9partement Construction modulaire<\/h5><\/h2>\t\t<\/div>\n\t\t\t\t<\/div>\n\t\t\t\t<div class=\"elementor-element elementor-element-4e012f4a elementor-widget elementor-widget-text-editor\" data-id=\"4e012f4a\" data-element_type=\"widget\" data-widget_type=\"text-editor.default\">\n\t\t\t\t<div class=\"elementor-widget-container\">\n\t\t\t\t\t\t\t\t<p style=\"margin-right: 0px; margin-bottom: 0px; margin-left: 0px; padding: 0px; border: 0px; outline: 0px; font-variant-numeric: normal; font-variant-east-asian: normal; font-stretch: normal; font-size: 14px; line-height: 23px; font-family: 'Open Sans', sans-serif; vertical-align: baseline; background-image: initial; background-position: initial; background-size: initial; background-repeat: initial; background-attachment: initial; background-origin: initial; background-clip: initial; color: #727272;\">Aujourd\u2019hui la construction modulaire est devenue une m\u00e9thode et une priorit\u00e9 pour les entreprises. La construction modulaire offre une alternative \u00e0 la construction traditionnelle avec les m\u00eames qualit\u00e9s et les m\u00eames garanties, avec plusieurs avantages : architecture divers, d\u00e9lais plus courts, co\u00fbt plus comp\u00e9titif et utilisation sur tout type de terrain (chantier en pleine ville, chantier Saharien, base p\u00e9troli\u00e8re,\u2026).<\/p><p style=\"margin-right: 0px; margin-bottom: 0px; margin-left: 0px; padding: 0px; border: 0px; outline: 0px; font-variant-numeric: normal; font-variant-east-asian: normal; font-stretch: normal; font-size: 14px; line-height: 23px; font-family: 'Open Sans', sans-serif; vertical-align: baseline; background-image: initial; background-position: initial; background-size: initial; background-repeat: initial; background-attachment: initial; background-origin: initial; background-clip: initial; color: #727272;\">Depuis plus de 15 ans PM LUCAS Alg\u00e9rie est un acteur majeur dans le domaine de la conception, la fabrication et la location de base de vie \u00e9quip\u00e9e ou non \u00e9quip\u00e9e.<\/p>\t\t\t\t\t\t<\/div>\n\t\t\t\t<\/div>\n\t\t\t\t<div class=\"elementor-element elementor-element-498504ff elementor-list-item-link-full_width elementor-widget elementor-widget-icon-list\" data-id=\"498504ff\" data-element_type=\"widget\" data-widget_type=\"icon-list.default\">\n\t\t\t\t<div class=\"elementor-widget-container\">\n\t\t\t\t\t<ul class=\"elementor-icon-list-items\">\n\t\t\t\t\t\t\t<li class=\"elementor-icon-list-item\">\n\t\t\t\t\t\t\t\t\t\t\t<span class=\"elementor-icon-list-icon\">\n\t\t\t\t\t\t\t<i aria-hidden=\"true\" class=\"fas fa-plus-circle\"><\/i>\t\t\t\t\t\t<\/span>\n\t\t\t\t\t\t\t\t\t\t<span class=\"elementor-icon-list-text\">  Location et vente de base vie enti\u00e8rement \u00e9quip\u00e9es.<\/span>\n\t\t\t\t\t\t\t\t\t<\/li>\n\t\t\t\t\t\t\t\t<li class=\"elementor-icon-list-item\">\n\t\t\t\t\t\t\t\t\t\t\t<span class=\"elementor-icon-list-icon\">\n\t\t\t\t\t\t\t<i aria-hidden=\"true\" class=\"fas fa-plus-circle\"><\/i>\t\t\t\t\t\t<\/span>\n\t\t\t\t\t\t\t\t\t\t<span class=\"elementor-icon-list-text\">Mise \u00e0 disposition de cabines de chantier.<\/span>\n\t\t\t\t\t\t\t\t\t<\/li>\n\t\t\t\t\t\t<\/ul>\n\t\t\t\t<\/div>\n\t\t\t\t<\/div>\n\t\t\t\t\t<\/div>\n\t\t<\/div>\n\t\t\t\t\t\t\t<\/div>\n\t\t<\/section>\n\t\t\t\t<section class=\"elementor-section elementor-top-section elementor-element elementor-element-5fb16c83 elementor-section-boxed elementor-section-height-default elementor-section-height-default\" data-id=\"5fb16c83\" data-element_type=\"section\">\n\t\t\t\t\t\t<div class=\"elementor-container elementor-column-gap-default\">\n\t\t\t\t\t<div class=\"elementor-column elementor-col-100 elementor-top-column elementor-element elementor-element-349f6a36\" data-id=\"349f6a36\" data-element_type=\"column\">\n\t\t\t<div class=\"elementor-widget-wrap elementor-element-populated\">\n\t\t\t\t\t\t\t\t<div class=\"elementor-element elementor-element-226fd2b7 elementor-widget-divider--view-line elementor-widget elementor-widget-divider\" data-id=\"226fd2b7\" data-element_type=\"widget\" data-widget_type=\"divider.default\">\n\t\t\t\t<div class=\"elementor-widget-container\">\n\t\t\t\t\t<div class=\"elementor-divider\">\n\t\t\t<span class=\"elementor-divider-separator\">\n\t\t\t\t\t\t<\/span>\n\t\t<\/div>\n\t\t\t\t<\/div>\n\t\t\t\t<\/div>\n\t\t\t\t\t<\/div>\n\t\t<\/div>\n\t\t\t\t\t\t\t<\/div>\n\t\t<\/section>\n\t\t\t\t<section class=\"elementor-section elementor-top-section elementor-element elementor-element-322391c9 elementor-section-boxed elementor-section-height-default elementor-section-height-default\" data-id=\"322391c9\" data-element_type=\"section\">\n\t\t\t\t\t\t<div class=\"elementor-container elementor-column-gap-default\">\n\t\t\t\t\t<div class=\"elementor-column elementor-col-100 elementor-top-column elementor-element elementor-element-6f98fb5a\" data-id=\"6f98fb5a\" data-element_type=\"column\">\n\t\t\t<div class=\"elementor-widget-wrap elementor-element-populated\">\n\t\t\t\t\t\t\t\t<div class=\"elementor-element elementor-element-6ec7e3ed elementor-invisible elementor-widget elementor-widget-construction-light-client\" data-id=\"6ec7e3ed\" data-element_type=\"widget\" data-settings=\"{&quot;_animation&quot;:&quot;zoomIn&quot;}\" data-widget_type=\"construction-light-client.default\">\n\t\t\t\t<div class=\"elementor-widget-container\">\n\t\t\t        <section class=\"cons_light_client_logo_layout_two\">\r\n            <div class=\"container\">\r\n\r\n                \r\n                <div class=\"row\">\r\n                    <div class=\"owl-carousel owl-theme client_logo\">\r\n                        \t                            <div class=\"item\">\r\n\t                                <div class=\"box\">\r\n\t                                \t<a href=\"\" target=\"_blank\" rel=\"nofollow\"><img decoding=\"async\" src=\"https:\/\/lucasdz.com\/wordpress\/wp-content\/uploads\/2021\/04\/client-logo1.png\" class=\"img-fluid\"><\/a>\t                                    \r\n\t                                <\/div>\r\n\t                            <\/div>\r\n\t                        \t                            <div class=\"item\">\r\n\t                                <div class=\"box\">\r\n\t                                \t<a href=\"\" target=\"_blank\" rel=\"nofollow\"><img decoding=\"async\" src=\"https:\/\/lucasdz.com\/wordpress\/wp-content\/uploads\/2021\/04\/client-logo2.png\" class=\"img-fluid\"><\/a>\t                                    \r\n\t                                <\/div>\r\n\t                            <\/div>\r\n\t                        \t                            <div class=\"item\">\r\n\t                                <div class=\"box\">\r\n\t                                \t<a href=\"\" target=\"_blank\" rel=\"nofollow\"><img decoding=\"async\" src=\"https:\/\/lucasdz.com\/wordpress\/wp-content\/uploads\/2021\/04\/client-logo12.png\" class=\"img-fluid\"><\/a>\t                                    \r\n\t                                <\/div>\r\n\t                            <\/div>\r\n\t                        \t                            <div class=\"item\">\r\n\t                                <div class=\"box\">\r\n\t                                \t<a href=\"\" target=\"_blank\" rel=\"nofollow\"><img decoding=\"async\" src=\"https:\/\/lucasdz.com\/wordpress\/wp-content\/uploads\/2021\/04\/client-logo4.png\" class=\"img-fluid\"><\/a>\t                                    \r\n\t                                <\/div>\r\n\t                            <\/div>\r\n\t                        \t                            <div class=\"item\">\r\n\t                                <div class=\"box\">\r\n\t                                \t<a href=\"\" target=\"_blank\" rel=\"nofollow\"><img decoding=\"async\" src=\"https:\/\/lucasdz.com\/wordpress\/wp-content\/uploads\/2021\/04\/client-logo7.png\" class=\"img-fluid\"><\/a>\t                                    \r\n\t                                <\/div>\r\n\t                            <\/div>\r\n\t                        \t                            <div class=\"item\">\r\n\t                                <div class=\"box\">\r\n\t                                \t<a href=\"\" target=\"_blank\" rel=\"nofollow\"><img decoding=\"async\" src=\"https:\/\/lucasdz.com\/wordpress\/wp-content\/uploads\/2021\/04\/client-logo8.png\" class=\"img-fluid\"><\/a>\t                                    \r\n\t                                <\/div>\r\n\t                            <\/div>\r\n\t                        \t                            <div class=\"item\">\r\n\t                                <div class=\"box\">\r\n\t                                \t<a href=\"\" target=\"_blank\" rel=\"nofollow\"><img decoding=\"async\" src=\"https:\/\/lucasdz.com\/wordpress\/wp-content\/uploads\/2021\/04\/client-logo16.png\" class=\"img-fluid\"><\/a>\t                                    \r\n\t                                <\/div>\r\n\t                            <\/div>\r\n\t                        \t                            <div class=\"item\">\r\n\t                                <div class=\"box\">\r\n\t                                \t<a href=\"\" target=\"_blank\" rel=\"nofollow\"><img decoding=\"async\" src=\"https:\/\/lucasdz.com\/wordpress\/wp-content\/uploads\/2021\/04\/client-logo10.png\" class=\"img-fluid\"><\/a>\t                                    \r\n\t                                <\/div>\r\n\t                            <\/div>\r\n\t                        \t                            <div class=\"item\">\r\n\t                                <div class=\"box\">\r\n\t                                \t<a href=\"\" target=\"_blank\" rel=\"nofollow\"><img decoding=\"async\" src=\"https:\/\/lucasdz.com\/wordpress\/wp-content\/uploads\/2021\/04\/client-logo9.png\" class=\"img-fluid\"><\/a>\t                                    \r\n\t                                <\/div>\r\n\t                            <\/div>\r\n\t                        \t                            <div class=\"item\">\r\n\t                                <div class=\"box\">\r\n\t                                \t<a href=\"\" target=\"_blank\" rel=\"nofollow\"><img decoding=\"async\" src=\"https:\/\/lucasdz.com\/wordpress\/wp-content\/uploads\/2021\/04\/client-logo15.png\" class=\"img-fluid\"><\/a>\t                                    \r\n\t                                <\/div>\r\n\t                            <\/div>\r\n\t                        \t                            <div class=\"item\">\r\n\t                                <div class=\"box\">\r\n\t                                \t<a href=\"\" target=\"_blank\" rel=\"nofollow\"><img decoding=\"async\" src=\"https:\/\/lucasdz.com\/wordpress\/wp-content\/uploads\/2021\/04\/client-logo17.png\" class=\"img-fluid\"><\/a>\t                                    \r\n\t                                <\/div>\r\n\t                            <\/div>\r\n\t                        \t                            <div class=\"item\">\r\n\t                                <div class=\"box\">\r\n\t                                \t<a href=\"\" target=\"_blank\" rel=\"nofollow\"><img decoding=\"async\" src=\"https:\/\/lucasdz.com\/wordpress\/wp-content\/uploads\/2021\/04\/client-logo20.png\" class=\"img-fluid\"><\/a>\t                                    \r\n\t                                <\/div>\r\n\t                            <\/div>\r\n\t                                            <\/div>\r\n                <\/div>\r\n\r\n            <\/div>\r\n        <\/section>\r\n        \t\t<\/div>\n\t\t\t\t<\/div>\n\t\t\t\t\t<\/div>\n\t\t<\/div>\n\t\t\t\t\t\t\t<\/div>\n\t\t<\/section>\n\t\t\t\t\t\t<\/div>\n\t\t\t\t\t<\/div>\n\t\t","protected":false},"excerpt":{"rendered":"<p>D\u00e9partement Construction modulaire Aujourd\u2019hui la construction modulaire est devenue une m\u00e9thode et une priorit\u00e9 pour les entreprises. La construction modulaire offre une alternative \u00e0 la&hellip;<\/p>\n","protected":false},"author":1,"featured_media":0,"parent":0,"menu_order":0,"comment_status":"closed","ping_status":"closed","template":"elementor_header_footer","meta":{"footnotes":""},"class_list":["post-837","page","type-page","status-publish","hentry"],"_links":{"self":[{"href":"https:\/\/lucasdz.com\/index.php\/wp-json\/wp\/v2\/pages\/837","targetHints":{"allow":["GET"]}}],"collection":[{"href":"https:\/\/lucasdz.com\/index.php\/wp-json\/wp\/v2\/pages"}],"about":[{"href":"https:\/\/lucasdz.com\/index.php\/wp-json\/wp\/v2\/types\/page"}],"author":[{"embeddable":true,"href":"https:\/\/lucasdz.com\/index.php\/wp-json\/wp\/v2\/users\/1"}],"replies":[{"embeddable":true,"href":"https:\/\/lucasdz.com\/index.php\/wp-json\/wp\/v2\/comments?post=837"}],"version-history":[{"count":4,"href":"https:\/\/lucasdz.com\/index.php\/wp-json\/wp\/v2\/pages\/837\/revisions"}],"predecessor-version":[{"id":968,"href":"https:\/\/lucasdz.com\/index.php\/wp-json\/wp\/v2\/pages\/837\/revisions\/968"}],"wp:attachment":[{"href":"https:\/\/lucasdz.com\/index.php\/wp-json\/wp\/v2\/media?parent=837"}],"curies":[{"name":"wp","href":"https:\/\/api.w.org\/{rel}","templated":true}]}}