{"id":836,"date":"2021-04-07T04:38:40","date_gmt":"2021-04-07T04:38:40","guid":{"rendered":"https:\/\/lucasdz.com\/wordpress\/?page_id=836"},"modified":"2021-04-07T06:21:31","modified_gmt":"2021-04-07T06:21:31","slug":"departement-forages-horizontaux-et-canalisations","status":"publish","type":"page","link":"https:\/\/lucasdz.com\/index.php\/departement-forages-horizontaux-et-canalisations\/","title":{"rendered":"D\u00e9partement forages horizontaux et canalisations"},"content":{"rendered":"\t\t<div data-elementor-type=\"wp-page\" data-elementor-id=\"836\" class=\"elementor elementor-836\" data-elementor-settings=\"[]\">\n\t\t\t\t\t\t\t<div class=\"elementor-section-wrap\">\n\t\t\t\t\t\t\t<section class=\"elementor-section elementor-top-section elementor-element elementor-element-21f899ea elementor-section-boxed elementor-section-height-default elementor-section-height-default elementor-invisible\" data-id=\"21f899ea\" data-element_type=\"section\" data-settings=\"{&quot;animation&quot;:&quot;zoomIn&quot;}\">\n\t\t\t\t\t\t<div class=\"elementor-container elementor-column-gap-default\">\n\t\t\t\t\t<div class=\"elementor-column elementor-col-50 elementor-top-column elementor-element elementor-element-3a4f4237\" data-id=\"3a4f4237\" data-element_type=\"column\">\n\t\t\t<div class=\"elementor-widget-wrap elementor-element-populated\">\n\t\t\t\t\t\t\t\t<div class=\"elementor-element elementor-element-271f4e16 elementor-widget elementor-widget-image\" data-id=\"271f4e16\" data-element_type=\"widget\" data-widget_type=\"image.default\">\n\t\t\t\t<div class=\"elementor-widget-container\">\n\t\t\t\t\t\t\t\t\t\t\t\t\t\t\t<img loading=\"lazy\" decoding=\"async\" width=\"530\" height=\"400\" src=\"https:\/\/lucasdz.com\/wp-content\/uploads\/2021\/04\/comp1.jpg\" class=\"attachment-full size-full\" alt=\"\" srcset=\"https:\/\/lucasdz.com\/wp-content\/uploads\/2021\/04\/comp1.jpg 530w, https:\/\/lucasdz.com\/wp-content\/uploads\/2021\/04\/comp1-300x226.jpg 300w\" sizes=\"auto, (max-width: 530px) 100vw, 530px\" \/>\t\t\t\t\t\t\t\t\t\t\t\t\t\t\t<\/div>\n\t\t\t\t<\/div>\n\t\t\t\t\t<\/div>\n\t\t<\/div>\n\t\t\t\t<div class=\"elementor-column elementor-col-50 elementor-top-column elementor-element elementor-element-454b0490\" data-id=\"454b0490\" data-element_type=\"column\">\n\t\t\t<div class=\"elementor-widget-wrap elementor-element-populated\">\n\t\t\t\t\t\t\t\t<div class=\"elementor-element elementor-element-f3df8f2 elementor-widget elementor-widget-heading\" data-id=\"f3df8f2\" data-element_type=\"widget\" data-widget_type=\"heading.default\">\n\t\t\t\t<div class=\"elementor-widget-container\">\n\t\t\t<h2 class=\"elementor-heading-title elementor-size-default\"><h5 style=\"margin-bottom: 16px; padding: 0px; border: 0px; outline: 0px; font-size: 18px; vertical-align: baseline; background-image: initial; background-position: initial; background-size: initial; background-repeat: initial; background-attachment: initial; background-origin: initial; background-clip: initial; font-family: Raleway, sans-serif; font-weight: normal; color: rgb(41, 128, 185); line-height: 23px; white-space: normal;\">D\u00e9partement forages horizontaux et canalisations<\/h5><\/h2>\t\t<\/div>\n\t\t\t\t<\/div>\n\t\t\t\t<div class=\"elementor-element elementor-element-f58183c elementor-widget elementor-widget-text-editor\" data-id=\"f58183c\" data-element_type=\"widget\" data-widget_type=\"text-editor.default\">\n\t\t\t\t<div class=\"elementor-widget-container\">\n\t\t\t\t\t\t\t\t<p style=\"margin-right: 0px; margin-bottom: 0px; margin-left: 0px; padding: 0px; border: 0px; outline: 0px; font-variant-numeric: normal; font-variant-east-asian: normal; font-stretch: normal; font-size: 14px; line-height: 23px; font-family: 'Open Sans', sans-serif; vertical-align: baseline; background-image: initial; background-position: initial; background-size: initial; background-repeat: initial; background-attachment: initial; background-origin: initial; background-clip: initial; color: #727272;\">La Sarl PM LUCAS Alg\u00e9rie poss\u00e8de \u00e9galement des machines de forage horizontal (Pousse tube), capable de pousser des tubes allant jusqu\u2019\u00e0 1 000 mm de diam\u00e8tre.<\/p>\t\t\t\t\t\t<\/div>\n\t\t\t\t<\/div>\n\t\t\t\t<div class=\"elementor-element elementor-element-80adde9 elementor-widget elementor-widget-heading\" data-id=\"80adde9\" data-element_type=\"widget\" data-widget_type=\"heading.default\">\n\t\t\t\t<div class=\"elementor-widget-container\">\n\t\t\t<h2 class=\"elementor-heading-title elementor-size-default\"><h5 style=\"margin-bottom: 16px; padding: 0px; border: 0px; outline: 0px; font-size: 18px; vertical-align: baseline; background-image: initial; background-position: initial; background-size: initial; background-repeat: initial; background-attachment: initial; background-origin: initial; background-clip: initial; font-family: Raleway, sans-serif; font-weight: normal; color: rgb(39, 39, 39); line-height: 23px; white-space: normal;\">Avantage de notre mat\u00e9riel :<\/h5><\/h2>\t\t<\/div>\n\t\t\t\t<\/div>\n\t\t\t\t<div class=\"elementor-element elementor-element-da8d10b elementor-list-item-link-full_width elementor-widget elementor-widget-icon-list\" data-id=\"da8d10b\" data-element_type=\"widget\" data-widget_type=\"icon-list.default\">\n\t\t\t\t<div class=\"elementor-widget-container\">\n\t\t\t\t\t<ul class=\"elementor-icon-list-items\">\n\t\t\t\t\t\t\t<li class=\"elementor-icon-list-item\">\n\t\t\t\t\t\t\t\t\t\t\t<span class=\"elementor-icon-list-icon\">\n\t\t\t\t\t\t\t<i aria-hidden=\"true\" class=\"fas fa-plus-circle\"><\/i>\t\t\t\t\t\t<\/span>\n\t\t\t\t\t\t\t\t\t\t<span class=\"elementor-icon-list-text\">Le pouce tube convient particuli\u00e8rement pour les travaux en ville.<\/span>\n\t\t\t\t\t\t\t\t\t<\/li>\n\t\t\t\t\t\t\t\t<li class=\"elementor-icon-list-item\">\n\t\t\t\t\t\t\t\t\t\t\t<span class=\"elementor-icon-list-icon\">\n\t\t\t\t\t\t\t<i aria-hidden=\"true\" class=\"fas fa-plus-circle\"><\/i>\t\t\t\t\t\t<\/span>\n\t\t\t\t\t\t\t\t\t\t<span class=\"elementor-icon-list-text\">Des chantiers d\u00e9licats, tels qu\u2019une travers\u00e9e de voie ferr\u00e9e, se font sans g\u00eane pour le trafic.<\/span>\n\t\t\t\t\t\t\t\t\t<\/li>\n\t\t\t\t\t\t\t\t<li class=\"elementor-icon-list-item\">\n\t\t\t\t\t\t\t\t\t\t\t<span class=\"elementor-icon-list-icon\">\n\t\t\t\t\t\t\t<i aria-hidden=\"true\" class=\"fas fa-plus-circle\"><\/i>\t\t\t\t\t\t<\/span>\n\t\t\t\t\t\t\t\t\t\t<span class=\"elementor-icon-list-text\">Ils sont d\u2019un emploi universel m\u00eame \u00e0 verticale pour des pieux, des palplanches,\u2026.<\/span>\n\t\t\t\t\t\t\t\t\t<\/li>\n\t\t\t\t\t\t\t\t<li class=\"elementor-icon-list-item\">\n\t\t\t\t\t\t\t\t\t\t\t<span class=\"elementor-icon-list-icon\">\n\t\t\t\t\t\t\t<i aria-hidden=\"true\" class=\"fas fa-plus-circle\"><\/i>\t\t\t\t\t\t<\/span>\n\t\t\t\t\t\t\t\t\t\t<span class=\"elementor-icon-list-text\">Ils sont compatibles avec tous les types de sols (argiles, limons, sables, graviers, pierres, cailloux).<\/span>\n\t\t\t\t\t\t\t\t\t<\/li>\n\t\t\t\t\t\t\t\t<li class=\"elementor-icon-list-item\">\n\t\t\t\t\t\t\t\t\t\t\t<span class=\"elementor-icon-list-icon\">\n\t\t\t\t\t\t\t<i aria-hidden=\"true\" class=\"fas fa-plus-circle\"><\/i>\t\t\t\t\t\t<\/span>\n\t\t\t\t\t\t\t\t\t\t<span class=\"elementor-icon-list-text\">Des passages jusqu\u2019\u00e0 100 m\u00e8tres.<\/span>\n\t\t\t\t\t\t\t\t\t<\/li>\n\t\t\t\t\t\t<\/ul>\n\t\t\t\t<\/div>\n\t\t\t\t<\/div>\n\t\t\t\t\t<\/div>\n\t\t<\/div>\n\t\t\t\t\t\t\t<\/div>\n\t\t<\/section>\n\t\t\t\t<section class=\"elementor-section elementor-top-section elementor-element elementor-element-278bfa05 elementor-section-boxed elementor-section-height-default elementor-section-height-default\" data-id=\"278bfa05\" data-element_type=\"section\">\n\t\t\t\t\t\t<div class=\"elementor-container elementor-column-gap-default\">\n\t\t\t\t\t<div class=\"elementor-column elementor-col-100 elementor-top-column elementor-element elementor-element-1708c54b\" data-id=\"1708c54b\" data-element_type=\"column\">\n\t\t\t<div class=\"elementor-widget-wrap elementor-element-populated\">\n\t\t\t\t\t\t\t\t<div class=\"elementor-element elementor-element-332b13f8 elementor-widget-divider--view-line elementor-widget elementor-widget-divider\" data-id=\"332b13f8\" data-element_type=\"widget\" data-widget_type=\"divider.default\">\n\t\t\t\t<div class=\"elementor-widget-container\">\n\t\t\t\t\t<div class=\"elementor-divider\">\n\t\t\t<span class=\"elementor-divider-separator\">\n\t\t\t\t\t\t<\/span>\n\t\t<\/div>\n\t\t\t\t<\/div>\n\t\t\t\t<\/div>\n\t\t\t\t\t<\/div>\n\t\t<\/div>\n\t\t\t\t\t\t\t<\/div>\n\t\t<\/section>\n\t\t\t\t<section class=\"elementor-section elementor-top-section elementor-element elementor-element-654fa573 elementor-section-boxed elementor-section-height-default elementor-section-height-default\" data-id=\"654fa573\" data-element_type=\"section\">\n\t\t\t\t\t\t<div class=\"elementor-container elementor-column-gap-default\">\n\t\t\t\t\t<div class=\"elementor-column elementor-col-100 elementor-top-column elementor-element elementor-element-247e1652\" data-id=\"247e1652\" data-element_type=\"column\">\n\t\t\t<div class=\"elementor-widget-wrap elementor-element-populated\">\n\t\t\t\t\t\t\t\t<div class=\"elementor-element elementor-element-2744a7d elementor-invisible elementor-widget elementor-widget-construction-light-client\" data-id=\"2744a7d\" data-element_type=\"widget\" data-settings=\"{&quot;_animation&quot;:&quot;zoomIn&quot;}\" data-widget_type=\"construction-light-client.default\">\n\t\t\t\t<div class=\"elementor-widget-container\">\n\t\t\t        <section class=\"cons_light_client_logo_layout_two\">\r\n            <div class=\"container\">\r\n\r\n                \r\n                <div class=\"row\">\r\n                    <div class=\"owl-carousel owl-theme client_logo\">\r\n                        \t                            <div class=\"item\">\r\n\t                                <div class=\"box\">\r\n\t                                \t<a href=\"\" target=\"_blank\" rel=\"nofollow\"><img decoding=\"async\" src=\"https:\/\/lucasdz.com\/wordpress\/wp-content\/uploads\/2021\/04\/client-logo1.png\" class=\"img-fluid\"><\/a>\t                                    \r\n\t                                <\/div>\r\n\t                            <\/div>\r\n\t                        \t                            <div class=\"item\">\r\n\t                                <div class=\"box\">\r\n\t                                \t<a href=\"\" target=\"_blank\" rel=\"nofollow\"><img decoding=\"async\" src=\"https:\/\/lucasdz.com\/wordpress\/wp-content\/uploads\/2021\/04\/client-logo2.png\" class=\"img-fluid\"><\/a>\t                                    \r\n\t                                <\/div>\r\n\t                            <\/div>\r\n\t                        \t                            <div class=\"item\">\r\n\t                                <div class=\"box\">\r\n\t                                \t<a href=\"\" target=\"_blank\" rel=\"nofollow\"><img decoding=\"async\" src=\"https:\/\/lucasdz.com\/wordpress\/wp-content\/uploads\/2021\/04\/client-logo12.png\" class=\"img-fluid\"><\/a>\t                                    \r\n\t                                <\/div>\r\n\t                            <\/div>\r\n\t                        \t                            <div class=\"item\">\r\n\t                                <div class=\"box\">\r\n\t                                \t<a href=\"\" target=\"_blank\" rel=\"nofollow\"><img decoding=\"async\" src=\"https:\/\/lucasdz.com\/wordpress\/wp-content\/uploads\/2021\/04\/client-logo4.png\" class=\"img-fluid\"><\/a>\t                                    \r\n\t                                <\/div>\r\n\t                            <\/div>\r\n\t                        \t                            <div class=\"item\">\r\n\t                                <div class=\"box\">\r\n\t                                \t<a href=\"\" target=\"_blank\" rel=\"nofollow\"><img decoding=\"async\" src=\"https:\/\/lucasdz.com\/wordpress\/wp-content\/uploads\/2021\/04\/client-logo7.png\" class=\"img-fluid\"><\/a>\t                                    \r\n\t                                <\/div>\r\n\t                            <\/div>\r\n\t                        \t                            <div class=\"item\">\r\n\t                                <div class=\"box\">\r\n\t                                \t<a href=\"\" target=\"_blank\" rel=\"nofollow\"><img decoding=\"async\" src=\"https:\/\/lucasdz.com\/wordpress\/wp-content\/uploads\/2021\/04\/client-logo8.png\" class=\"img-fluid\"><\/a>\t                                    \r\n\t                                <\/div>\r\n\t                            <\/div>\r\n\t                        \t                            <div class=\"item\">\r\n\t                                <div class=\"box\">\r\n\t                                \t<a href=\"\" target=\"_blank\" rel=\"nofollow\"><img decoding=\"async\" src=\"https:\/\/lucasdz.com\/wordpress\/wp-content\/uploads\/2021\/04\/client-logo16.png\" class=\"img-fluid\"><\/a>\t                                    \r\n\t                                <\/div>\r\n\t                            <\/div>\r\n\t                        \t                            <div class=\"item\">\r\n\t                                <div class=\"box\">\r\n\t                                \t<a href=\"\" target=\"_blank\" rel=\"nofollow\"><img decoding=\"async\" src=\"https:\/\/lucasdz.com\/wordpress\/wp-content\/uploads\/2021\/04\/client-logo10.png\" class=\"img-fluid\"><\/a>\t                                    \r\n\t                                <\/div>\r\n\t                            <\/div>\r\n\t                        \t                            <div class=\"item\">\r\n\t                                <div class=\"box\">\r\n\t                                \t<a href=\"\" target=\"_blank\" rel=\"nofollow\"><img decoding=\"async\" src=\"https:\/\/lucasdz.com\/wordpress\/wp-content\/uploads\/2021\/04\/client-logo9.png\" class=\"img-fluid\"><\/a>\t                                    \r\n\t                                <\/div>\r\n\t                            <\/div>\r\n\t                        \t                            <div class=\"item\">\r\n\t                                <div class=\"box\">\r\n\t                                \t<a href=\"\" target=\"_blank\" rel=\"nofollow\"><img decoding=\"async\" src=\"https:\/\/lucasdz.com\/wordpress\/wp-content\/uploads\/2021\/04\/client-logo15.png\" class=\"img-fluid\"><\/a>\t                                    \r\n\t                                <\/div>\r\n\t                            <\/div>\r\n\t                        \t                            <div class=\"item\">\r\n\t                                <div class=\"box\">\r\n\t                                \t<a href=\"\" target=\"_blank\" rel=\"nofollow\"><img decoding=\"async\" src=\"https:\/\/lucasdz.com\/wordpress\/wp-content\/uploads\/2021\/04\/client-logo17.png\" class=\"img-fluid\"><\/a>\t                                    \r\n\t                                <\/div>\r\n\t                            <\/div>\r\n\t                        \t                            <div class=\"item\">\r\n\t                                <div class=\"box\">\r\n\t                                \t<a href=\"\" target=\"_blank\" rel=\"nofollow\"><img decoding=\"async\" src=\"https:\/\/lucasdz.com\/wordpress\/wp-content\/uploads\/2021\/04\/client-logo20.png\" class=\"img-fluid\"><\/a>\t                                    \r\n\t                                <\/div>\r\n\t                            <\/div>\r\n\t                                            <\/div>\r\n                <\/div>\r\n\r\n            <\/div>\r\n        <\/section>\r\n        \t\t<\/div>\n\t\t\t\t<\/div>\n\t\t\t\t\t<\/div>\n\t\t<\/div>\n\t\t\t\t\t\t\t<\/div>\n\t\t<\/section>\n\t\t\t\t\t\t<\/div>\n\t\t\t\t\t<\/div>\n\t\t","protected":false},"excerpt":{"rendered":"<p>D\u00e9partement forages horizontaux et canalisations La Sarl PM LUCAS Alg\u00e9rie poss\u00e8de \u00e9galement des machines de forage horizontal (Pousse tube), capable de pousser des tubes allant&hellip;<\/p>\n","protected":false},"author":1,"featured_media":0,"parent":0,"menu_order":0,"comment_status":"closed","ping_status":"closed","template":"elementor_header_footer","meta":{"footnotes":""},"class_list":["post-836","page","type-page","status-publish","hentry"],"_links":{"self":[{"href":"https:\/\/lucasdz.com\/index.php\/wp-json\/wp\/v2\/pages\/836","targetHints":{"allow":["GET"]}}],"collection":[{"href":"https:\/\/lucasdz.com\/index.php\/wp-json\/wp\/v2\/pages"}],"about":[{"href":"https:\/\/lucasdz.com\/index.php\/wp-json\/wp\/v2\/types\/page"}],"author":[{"embeddable":true,"href":"https:\/\/lucasdz.com\/index.php\/wp-json\/wp\/v2\/users\/1"}],"replies":[{"embeddable":true,"href":"https:\/\/lucasdz.com\/index.php\/wp-json\/wp\/v2\/comments?post=836"}],"version-history":[{"count":7,"href":"https:\/\/lucasdz.com\/index.php\/wp-json\/wp\/v2\/pages\/836\/revisions"}],"predecessor-version":[{"id":963,"href":"https:\/\/lucasdz.com\/index.php\/wp-json\/wp\/v2\/pages\/836\/revisions\/963"}],"wp:attachment":[{"href":"https:\/\/lucasdz.com\/index.php\/wp-json\/wp\/v2\/media?parent=836"}],"curies":[{"name":"wp","href":"https:\/\/api.w.org\/{rel}","templated":true}]}}