{"id":834,"date":"2021-04-07T04:38:40","date_gmt":"2021-04-07T04:38:40","guid":{"rendered":"https:\/\/lucasdz.com\/wordpress\/?page_id=834"},"modified":"2021-04-07T06:13:22","modified_gmt":"2021-04-07T06:13:22","slug":"departement-forages-hydrauliques","status":"publish","type":"page","link":"https:\/\/lucasdz.com\/index.php\/departement-forages-hydrauliques\/","title":{"rendered":"D\u00e9partement forages hydrauliques"},"content":{"rendered":"\t\t<div data-elementor-type=\"wp-page\" data-elementor-id=\"834\" class=\"elementor elementor-834\" data-elementor-settings=\"[]\">\n\t\t\t\t\t\t\t<div class=\"elementor-section-wrap\">\n\t\t\t\t\t\t\t<section class=\"elementor-section elementor-top-section elementor-element elementor-element-245e7a0 elementor-section-boxed elementor-section-height-default elementor-section-height-default elementor-invisible\" data-id=\"245e7a0\" data-element_type=\"section\" data-settings=\"{&quot;animation&quot;:&quot;zoomIn&quot;}\">\n\t\t\t\t\t\t<div class=\"elementor-container elementor-column-gap-default\">\n\t\t\t\t\t<div class=\"elementor-column elementor-col-50 elementor-top-column elementor-element elementor-element-74fc4e8\" data-id=\"74fc4e8\" data-element_type=\"column\">\n\t\t\t<div class=\"elementor-widget-wrap elementor-element-populated\">\n\t\t\t\t\t\t\t\t<div class=\"elementor-element elementor-element-2328f1e4 elementor-widget elementor-widget-image\" data-id=\"2328f1e4\" data-element_type=\"widget\" data-widget_type=\"image.default\">\n\t\t\t\t<div class=\"elementor-widget-container\">\n\t\t\t\t\t\t\t\t\t\t\t\t\t\t\t<img loading=\"lazy\" decoding=\"async\" width=\"530\" height=\"400\" src=\"https:\/\/lucasdz.com\/wp-content\/uploads\/2021\/04\/comp3-1.jpg\" class=\"attachment-full size-full\" alt=\"\" srcset=\"https:\/\/lucasdz.com\/wp-content\/uploads\/2021\/04\/comp3-1.jpg 530w, https:\/\/lucasdz.com\/wp-content\/uploads\/2021\/04\/comp3-1-300x226.jpg 300w\" sizes=\"auto, (max-width: 530px) 100vw, 530px\" \/>\t\t\t\t\t\t\t\t\t\t\t\t\t\t\t<\/div>\n\t\t\t\t<\/div>\n\t\t\t\t\t<\/div>\n\t\t<\/div>\n\t\t\t\t<div class=\"elementor-column elementor-col-50 elementor-top-column elementor-element elementor-element-17d7eb12\" data-id=\"17d7eb12\" data-element_type=\"column\">\n\t\t\t<div class=\"elementor-widget-wrap elementor-element-populated\">\n\t\t\t\t\t\t\t\t<div class=\"elementor-element elementor-element-f119cb6 elementor-widget elementor-widget-heading\" data-id=\"f119cb6\" data-element_type=\"widget\" data-widget_type=\"heading.default\">\n\t\t\t\t<div class=\"elementor-widget-container\">\n\t\t\t<h2 class=\"elementor-heading-title elementor-size-default\"><h5 style=\"margin-bottom: 16px; padding: 0px; border: 0px; outline: 0px; font-size: 18px; vertical-align: baseline; background-image: initial; background-position: initial; background-size: initial; background-repeat: initial; background-attachment: initial; background-origin: initial; background-clip: initial; font-family: Raleway, sans-serif; font-weight: normal; color: rgb(41, 128, 185); line-height: 23px; white-space: normal;\">D\u00e9partement forages hydrauliques<\/h5><\/h2>\t\t<\/div>\n\t\t\t\t<\/div>\n\t\t\t\t<div class=\"elementor-element elementor-element-77785b14 elementor-widget elementor-widget-text-editor\" data-id=\"77785b14\" data-element_type=\"widget\" data-widget_type=\"text-editor.default\">\n\t\t\t\t<div class=\"elementor-widget-container\">\n\t\t\t\t\t\t\t\t<p style=\"margin-right: 0px; margin-bottom: 0px; margin-left: 0px; padding: 0px; border: 0px; outline: 0px; font-variant-numeric: normal; font-variant-east-asian: normal; font-stretch: normal; font-size: 14px; line-height: 23px; font-family: 'Open Sans', sans-serif; vertical-align: baseline; background-image: initial; background-position: initial; background-size: initial; background-repeat: initial; background-attachment: initial; background-origin: initial; background-clip: initial; color: #727272;\">L\u2019organisation g\u00e9n\u00e9rale, assez souple, s\u2019articule autour de trois grands d\u00e9partements permettant une meilleure coordination entre diff\u00e9rentes structures fixes et projets.<\/p><p style=\"margin-right: 0px; margin-bottom: 0px; margin-left: 0px; padding: 0px; border: 0px; outline: 0px; font-variant-numeric: normal; font-variant-east-asian: normal; font-stretch: normal; font-size: 14px; line-height: 23px; font-family: 'Open Sans', sans-serif; vertical-align: baseline; background-image: initial; background-position: initial; background-size: initial; background-repeat: initial; background-attachment: initial; background-origin: initial; background-clip: initial; color: #727272;\">\u00a0<\/p><p style=\"margin-right: 0px; margin-bottom: 0px; margin-left: 0px; padding: 0px; border: 0px; outline: 0px; font-variant-numeric: normal; font-variant-east-asian: normal; font-stretch: normal; font-size: 14px; line-height: 23px; font-family: 'Open Sans', sans-serif; vertical-align: baseline; background-image: initial; background-position: initial; background-size: initial; background-repeat: initial; background-attachment: initial; background-origin: initial; background-clip: initial; color: #727272;\">Afin de r\u00e9pondre au march\u00e9 des forages hydrauliques, nous disposons de plusieurs machines de forage dot\u00e9e d\u2019un mat\u00e9riel r\u00e9cent et d\u2019un personnel qualifi\u00e9, pour r\u00e9pondre aux exigences et \u00e0 la bonne r\u00e9alisation des diff\u00e9rents travaux :<\/p>\t\t\t\t\t\t<\/div>\n\t\t\t\t<\/div>\n\t\t\t\t<div class=\"elementor-element elementor-element-2049a715 elementor-list-item-link-full_width elementor-widget elementor-widget-icon-list\" data-id=\"2049a715\" data-element_type=\"widget\" data-widget_type=\"icon-list.default\">\n\t\t\t\t<div class=\"elementor-widget-container\">\n\t\t\t\t\t<ul class=\"elementor-icon-list-items\">\n\t\t\t\t\t\t\t<li class=\"elementor-icon-list-item\">\n\t\t\t\t\t\t\t\t\t\t\t<span class=\"elementor-icon-list-icon\">\n\t\t\t\t\t\t\t<i aria-hidden=\"true\" class=\"fas fa-plus-circle\"><\/i>\t\t\t\t\t\t<\/span>\n\t\t\t\t\t\t\t\t\t\t<span class=\"elementor-icon-list-text\"> Etude et r\u00e9alisation de forages hydrauliques.<\/span>\n\t\t\t\t\t\t\t\t\t<\/li>\n\t\t\t\t\t\t\t\t<li class=\"elementor-icon-list-item\">\n\t\t\t\t\t\t\t\t\t\t\t<span class=\"elementor-icon-list-icon\">\n\t\t\t\t\t\t\t<i aria-hidden=\"true\" class=\"fas fa-plus-circle\"><\/i>\t\t\t\t\t\t<\/span>\n\t\t\t\t\t\t\t\t\t\t<span class=\"elementor-icon-list-text\"> Puits d\u2019eau, puits d\u2019anodes.<\/span>\n\t\t\t\t\t\t\t\t\t<\/li>\n\t\t\t\t\t\t\t\t<li class=\"elementor-icon-list-item\">\n\t\t\t\t\t\t\t\t\t\t\t<span class=\"elementor-icon-list-icon\">\n\t\t\t\t\t\t\t<i aria-hidden=\"true\" class=\"fas fa-plus-circle\"><\/i>\t\t\t\t\t\t<\/span>\n\t\t\t\t\t\t\t\t\t\t<span class=\"elementor-icon-list-text\"> Tests hydrostatiques.<\/span>\n\t\t\t\t\t\t\t\t\t<\/li>\n\t\t\t\t\t\t<\/ul>\n\t\t\t\t<\/div>\n\t\t\t\t<\/div>\n\t\t\t\t\t<\/div>\n\t\t<\/div>\n\t\t\t\t\t\t\t<\/div>\n\t\t<\/section>\n\t\t\t\t<section class=\"elementor-section elementor-top-section elementor-element elementor-element-4d572817 elementor-section-boxed elementor-section-height-default elementor-section-height-default\" data-id=\"4d572817\" data-element_type=\"section\">\n\t\t\t\t\t\t<div class=\"elementor-container elementor-column-gap-default\">\n\t\t\t\t\t<div class=\"elementor-column elementor-col-100 elementor-top-column elementor-element elementor-element-169fd472\" data-id=\"169fd472\" data-element_type=\"column\">\n\t\t\t<div class=\"elementor-widget-wrap elementor-element-populated\">\n\t\t\t\t\t\t\t\t<div class=\"elementor-element elementor-element-6fcca0f0 elementor-widget-divider--view-line elementor-widget elementor-widget-divider\" data-id=\"6fcca0f0\" data-element_type=\"widget\" data-widget_type=\"divider.default\">\n\t\t\t\t<div class=\"elementor-widget-container\">\n\t\t\t\t\t<div class=\"elementor-divider\">\n\t\t\t<span class=\"elementor-divider-separator\">\n\t\t\t\t\t\t<\/span>\n\t\t<\/div>\n\t\t\t\t<\/div>\n\t\t\t\t<\/div>\n\t\t\t\t\t<\/div>\n\t\t<\/div>\n\t\t\t\t\t\t\t<\/div>\n\t\t<\/section>\n\t\t\t\t<section class=\"elementor-section elementor-top-section elementor-element elementor-element-7f7c5580 elementor-section-boxed elementor-section-height-default elementor-section-height-default\" data-id=\"7f7c5580\" data-element_type=\"section\">\n\t\t\t\t\t\t<div class=\"elementor-container elementor-column-gap-default\">\n\t\t\t\t\t<div class=\"elementor-column elementor-col-100 elementor-top-column elementor-element elementor-element-76fade8f\" data-id=\"76fade8f\" data-element_type=\"column\">\n\t\t\t<div class=\"elementor-widget-wrap elementor-element-populated\">\n\t\t\t\t\t\t\t\t<div class=\"elementor-element elementor-element-c6483df elementor-invisible elementor-widget elementor-widget-construction-light-client\" data-id=\"c6483df\" data-element_type=\"widget\" data-settings=\"{&quot;_animation&quot;:&quot;zoomIn&quot;}\" data-widget_type=\"construction-light-client.default\">\n\t\t\t\t<div class=\"elementor-widget-container\">\n\t\t\t        <section class=\"cons_light_client_logo_layout_two\">\r\n            <div class=\"container\">\r\n\r\n                \r\n                <div class=\"row\">\r\n                    <div class=\"owl-carousel owl-theme client_logo\">\r\n                        \t                            <div class=\"item\">\r\n\t                                <div class=\"box\">\r\n\t                                \t<a href=\"\" target=\"_blank\" rel=\"nofollow\"><img decoding=\"async\" src=\"https:\/\/lucasdz.com\/wordpress\/wp-content\/uploads\/2021\/04\/client-logo1.png\" class=\"img-fluid\"><\/a>\t                                    \r\n\t                                <\/div>\r\n\t                            <\/div>\r\n\t                        \t                            <div class=\"item\">\r\n\t                                <div class=\"box\">\r\n\t                                \t<a href=\"\" target=\"_blank\" rel=\"nofollow\"><img decoding=\"async\" src=\"https:\/\/lucasdz.com\/wordpress\/wp-content\/uploads\/2021\/04\/client-logo2.png\" class=\"img-fluid\"><\/a>\t                                    \r\n\t                                <\/div>\r\n\t                            <\/div>\r\n\t                        \t                            <div class=\"item\">\r\n\t                                <div class=\"box\">\r\n\t                                \t<a href=\"\" target=\"_blank\" rel=\"nofollow\"><img decoding=\"async\" src=\"https:\/\/lucasdz.com\/wordpress\/wp-content\/uploads\/2021\/04\/client-logo12.png\" class=\"img-fluid\"><\/a>\t                                    \r\n\t                                <\/div>\r\n\t                            <\/div>\r\n\t                        \t                            <div class=\"item\">\r\n\t                                <div class=\"box\">\r\n\t                                \t<a href=\"\" target=\"_blank\" rel=\"nofollow\"><img decoding=\"async\" src=\"https:\/\/lucasdz.com\/wordpress\/wp-content\/uploads\/2021\/04\/client-logo4.png\" class=\"img-fluid\"><\/a>\t                                    \r\n\t                                <\/div>\r\n\t                            <\/div>\r\n\t                        \t                            <div class=\"item\">\r\n\t                                <div class=\"box\">\r\n\t                                \t<a href=\"\" target=\"_blank\" rel=\"nofollow\"><img decoding=\"async\" src=\"https:\/\/lucasdz.com\/wordpress\/wp-content\/uploads\/2021\/04\/client-logo7.png\" class=\"img-fluid\"><\/a>\t                                    \r\n\t                                <\/div>\r\n\t                            <\/div>\r\n\t                        \t                            <div class=\"item\">\r\n\t                                <div class=\"box\">\r\n\t                                \t<a href=\"\" target=\"_blank\" rel=\"nofollow\"><img decoding=\"async\" src=\"https:\/\/lucasdz.com\/wordpress\/wp-content\/uploads\/2021\/04\/client-logo8.png\" class=\"img-fluid\"><\/a>\t                                    \r\n\t                                <\/div>\r\n\t                            <\/div>\r\n\t                        \t                            <div class=\"item\">\r\n\t                                <div class=\"box\">\r\n\t                                \t<a href=\"\" target=\"_blank\" rel=\"nofollow\"><img decoding=\"async\" src=\"https:\/\/lucasdz.com\/wordpress\/wp-content\/uploads\/2021\/04\/client-logo16.png\" class=\"img-fluid\"><\/a>\t                                    \r\n\t                                <\/div>\r\n\t                            <\/div>\r\n\t                        \t                            <div class=\"item\">\r\n\t                                <div class=\"box\">\r\n\t                                \t<a href=\"\" target=\"_blank\" rel=\"nofollow\"><img decoding=\"async\" src=\"https:\/\/lucasdz.com\/wordpress\/wp-content\/uploads\/2021\/04\/client-logo10.png\" class=\"img-fluid\"><\/a>\t                                    \r\n\t                                <\/div>\r\n\t                            <\/div>\r\n\t                        \t                            <div class=\"item\">\r\n\t                                <div class=\"box\">\r\n\t                                \t<a href=\"\" target=\"_blank\" rel=\"nofollow\"><img decoding=\"async\" src=\"https:\/\/lucasdz.com\/wordpress\/wp-content\/uploads\/2021\/04\/client-logo9.png\" class=\"img-fluid\"><\/a>\t                                    \r\n\t                                <\/div>\r\n\t                            <\/div>\r\n\t                        \t                            <div class=\"item\">\r\n\t                                <div class=\"box\">\r\n\t                                \t<a href=\"\" target=\"_blank\" rel=\"nofollow\"><img decoding=\"async\" src=\"https:\/\/lucasdz.com\/wordpress\/wp-content\/uploads\/2021\/04\/client-logo15.png\" class=\"img-fluid\"><\/a>\t                                    \r\n\t                                <\/div>\r\n\t                            <\/div>\r\n\t                        \t                            <div class=\"item\">\r\n\t                                <div class=\"box\">\r\n\t                                \t<a href=\"\" target=\"_blank\" rel=\"nofollow\"><img decoding=\"async\" src=\"https:\/\/lucasdz.com\/wordpress\/wp-content\/uploads\/2021\/04\/client-logo17.png\" class=\"img-fluid\"><\/a>\t                                    \r\n\t                                <\/div>\r\n\t                            <\/div>\r\n\t                        \t                            <div class=\"item\">\r\n\t                                <div class=\"box\">\r\n\t                                \t<a href=\"\" target=\"_blank\" rel=\"nofollow\"><img decoding=\"async\" src=\"https:\/\/lucasdz.com\/wordpress\/wp-content\/uploads\/2021\/04\/client-logo20.png\" class=\"img-fluid\"><\/a>\t                                    \r\n\t                                <\/div>\r\n\t                            <\/div>\r\n\t                                            <\/div>\r\n                <\/div>\r\n\r\n            <\/div>\r\n        <\/section>\r\n        \t\t<\/div>\n\t\t\t\t<\/div>\n\t\t\t\t\t<\/div>\n\t\t<\/div>\n\t\t\t\t\t\t\t<\/div>\n\t\t<\/section>\n\t\t\t\t\t\t<\/div>\n\t\t\t\t\t<\/div>\n\t\t","protected":false},"excerpt":{"rendered":"<p>D\u00e9partement forages hydrauliques L\u2019organisation g\u00e9n\u00e9rale, assez souple, s\u2019articule autour de trois grands d\u00e9partements permettant une meilleure coordination entre diff\u00e9rentes structures fixes et projets. \u00a0 Afin&hellip;<\/p>\n","protected":false},"author":1,"featured_media":0,"parent":0,"menu_order":0,"comment_status":"closed","ping_status":"closed","template":"elementor_header_footer","meta":{"footnotes":""},"class_list":["post-834","page","type-page","status-publish","hentry"],"_links":{"self":[{"href":"https:\/\/lucasdz.com\/index.php\/wp-json\/wp\/v2\/pages\/834","targetHints":{"allow":["GET"]}}],"collection":[{"href":"https:\/\/lucasdz.com\/index.php\/wp-json\/wp\/v2\/pages"}],"about":[{"href":"https:\/\/lucasdz.com\/index.php\/wp-json\/wp\/v2\/types\/page"}],"author":[{"embeddable":true,"href":"https:\/\/lucasdz.com\/index.php\/wp-json\/wp\/v2\/users\/1"}],"replies":[{"embeddable":true,"href":"https:\/\/lucasdz.com\/index.php\/wp-json\/wp\/v2\/comments?post=834"}],"version-history":[{"count":10,"href":"https:\/\/lucasdz.com\/index.php\/wp-json\/wp\/v2\/pages\/834\/revisions"}],"predecessor-version":[{"id":953,"href":"https:\/\/lucasdz.com\/index.php\/wp-json\/wp\/v2\/pages\/834\/revisions\/953"}],"wp:attachment":[{"href":"https:\/\/lucasdz.com\/index.php\/wp-json\/wp\/v2\/media?parent=834"}],"curies":[{"name":"wp","href":"https:\/\/api.w.org\/{rel}","templated":true}]}}