{"id":784,"date":"2021-04-06T12:14:56","date_gmt":"2021-04-06T12:14:56","guid":{"rendered":"https:\/\/lucasdz.com\/wordpress\/?page_id=784"},"modified":"2021-04-07T06:14:41","modified_gmt":"2021-04-07T06:14:41","slug":"presentation","status":"publish","type":"page","link":"https:\/\/lucasdz.com\/index.php\/presentation\/","title":{"rendered":"Presentation"},"content":{"rendered":"\t\t<div data-elementor-type=\"wp-page\" data-elementor-id=\"784\" class=\"elementor elementor-784\" data-elementor-settings=\"[]\">\n\t\t\t\t\t\t\t<div class=\"elementor-section-wrap\">\n\t\t\t\t\t\t\t<section class=\"elementor-section elementor-top-section elementor-element elementor-element-8eef119 elementor-section-boxed elementor-section-height-default elementor-section-height-default elementor-invisible\" data-id=\"8eef119\" data-element_type=\"section\" data-settings=\"{&quot;animation&quot;:&quot;zoomIn&quot;}\">\n\t\t\t\t\t\t<div class=\"elementor-container elementor-column-gap-default\">\n\t\t\t\t\t<div class=\"elementor-column elementor-col-50 elementor-top-column elementor-element elementor-element-3d893a2\" data-id=\"3d893a2\" data-element_type=\"column\">\n\t\t\t<div class=\"elementor-widget-wrap elementor-element-populated\">\n\t\t\t\t\t\t\t\t<div class=\"elementor-element elementor-element-568e4c9 elementor-widget elementor-widget-image\" data-id=\"568e4c9\" data-element_type=\"widget\" data-widget_type=\"image.default\">\n\t\t\t\t<div class=\"elementor-widget-container\">\n\t\t\t\t\t\t\t\t\t\t\t\t\t\t\t<img loading=\"lazy\" decoding=\"async\" width=\"535\" height=\"380\" src=\"https:\/\/lucasdz.com\/wp-content\/uploads\/2021\/04\/lucasdz.jpg\" class=\"attachment-full size-full\" alt=\"\" srcset=\"https:\/\/lucasdz.com\/wp-content\/uploads\/2021\/04\/lucasdz.jpg 535w, https:\/\/lucasdz.com\/wp-content\/uploads\/2021\/04\/lucasdz-300x213.jpg 300w\" sizes=\"auto, (max-width: 535px) 100vw, 535px\" \/>\t\t\t\t\t\t\t\t\t\t\t\t\t\t\t<\/div>\n\t\t\t\t<\/div>\n\t\t\t\t<div class=\"elementor-element elementor-element-408b1c5 elementor-widget elementor-widget-text-editor\" data-id=\"408b1c5\" data-element_type=\"widget\" data-widget_type=\"text-editor.default\">\n\t\t\t\t<div class=\"elementor-widget-container\">\n\t\t\t\t\t\t\t\t<p><span style=\"color: #727272; font-family: 'Open Sans', sans-serif; font-size: 14px;\">Base de vie Hassi Messaoud : 7 500 m\u00b2<\/span><\/p>\t\t\t\t\t\t<\/div>\n\t\t\t\t<\/div>\n\t\t\t\t<div class=\"elementor-element elementor-element-cc4e020 elementor-widget elementor-widget-text-editor\" data-id=\"cc4e020\" data-element_type=\"widget\" data-widget_type=\"text-editor.default\">\n\t\t\t\t<div class=\"elementor-widget-container\">\n\t\t\t\t\t\t\t\t<p><strong style=\"margin: 0px; padding: 0px; border: 0px; outline: 0px; font-size: 14px; vertical-align: baseline; background-image: initial; background-position: initial; background-size: initial; background-repeat: initial; background-attachment: initial; background-origin: initial; background-clip: initial; font-weight: bold; color: #727272; font-family: 'Open Sans', sans-serif;\">LUCAS Alg\u00e9rie,\u00a0<\/strong><span style=\"color: #727272; font-family: 'Open Sans', sans-serif; font-size: 14px;\">intervient dans les activit\u00e9s suivantes :<\/span><\/p>\t\t\t\t\t\t<\/div>\n\t\t\t\t<\/div>\n\t\t\t\t<div class=\"elementor-element elementor-element-13ed642 elementor-list-item-link-full_width elementor-widget elementor-widget-icon-list\" data-id=\"13ed642\" data-element_type=\"widget\" data-widget_type=\"icon-list.default\">\n\t\t\t\t<div class=\"elementor-widget-container\">\n\t\t\t\t\t<ul class=\"elementor-icon-list-items\">\n\t\t\t\t\t\t\t<li class=\"elementor-icon-list-item\">\n\t\t\t\t\t<a href=\"https:\/\/lucasdz.com\/wordpress\/index.php\/departement-forages-hydrauliques\/\">\t\t\t\t\t\t<span class=\"elementor-icon-list-icon\">\n\t\t\t\t\t\t\t<i aria-hidden=\"true\" class=\"fas fa-chevron-right\"><\/i>\t\t\t\t\t\t<\/span>\n\t\t\t\t\t\t\t\t\t\t<span class=\"elementor-icon-list-text\"> D\u00e9partement forages hydrauliques<\/span>\n\t\t\t\t\t\t\t\t\t\t\t<\/a>\n\t\t\t\t\t\t\t\t\t<\/li>\n\t\t\t\t\t\t\t\t<li class=\"elementor-icon-list-item\">\n\t\t\t\t\t<a href=\"https:\/\/lucasdz.com\/wordpress\/index.php\/departement-forages-horizontaux-et-canalisations\/\">\t\t\t\t\t\t<span class=\"elementor-icon-list-icon\">\n\t\t\t\t\t\t\t<i aria-hidden=\"true\" class=\"fas fa-chevron-right\"><\/i>\t\t\t\t\t\t<\/span>\n\t\t\t\t\t\t\t\t\t\t<span class=\"elementor-icon-list-text\"> D\u00e9partement forages horizontaux et canalisations<\/span>\n\t\t\t\t\t\t\t\t\t\t\t<\/a>\n\t\t\t\t\t\t\t\t\t<\/li>\n\t\t\t\t\t\t\t\t<li class=\"elementor-icon-list-item\">\n\t\t\t\t\t<a href=\"https:\/\/lucasdz.com\/wordpress\/index.php\/departement-construction-modulaire\/\">\t\t\t\t\t\t<span class=\"elementor-icon-list-icon\">\n\t\t\t\t\t\t\t<i aria-hidden=\"true\" class=\"fas fa-chevron-right\"><\/i>\t\t\t\t\t\t<\/span>\n\t\t\t\t\t\t\t\t\t\t<span class=\"elementor-icon-list-text\"> D\u00e9partement bases vie<\/span>\n\t\t\t\t\t\t\t\t\t\t\t<\/a>\n\t\t\t\t\t\t\t\t\t<\/li>\n\t\t\t\t\t\t<\/ul>\n\t\t\t\t<\/div>\n\t\t\t\t<\/div>\n\t\t\t\t\t<\/div>\n\t\t<\/div>\n\t\t\t\t<div class=\"elementor-column elementor-col-50 elementor-top-column elementor-element elementor-element-2359372\" data-id=\"2359372\" data-element_type=\"column\">\n\t\t\t<div class=\"elementor-widget-wrap elementor-element-populated\">\n\t\t\t\t\t\t\t\t<div class=\"elementor-element elementor-element-2e8b90b elementor-widget elementor-widget-heading\" data-id=\"2e8b90b\" data-element_type=\"widget\" data-widget_type=\"heading.default\">\n\t\t\t\t<div class=\"elementor-widget-container\">\n\t\t\t<h2 class=\"elementor-heading-title elementor-size-default\"><h4 style=\"margin-bottom: 18px; padding: 0px; border: 0px; outline: 0px; font-size: 22px; vertical-align: baseline; background-image: initial; background-position: initial; background-size: initial; background-repeat: initial; background-attachment: initial; background-origin: initial; background-clip: initial; font-family: Raleway, sans-serif; font-weight: normal; color: rgb(39, 39, 39); line-height: 25px; white-space: normal;\">Lucas Alg\u00e9rie<\/h4><\/h2>\t\t<\/div>\n\t\t\t\t<\/div>\n\t\t\t\t<div class=\"elementor-element elementor-element-b0863ca elementor-widget elementor-widget-text-editor\" data-id=\"b0863ca\" data-element_type=\"widget\" data-widget_type=\"text-editor.default\">\n\t\t\t\t<div class=\"elementor-widget-container\">\n\t\t\t\t\t\t\t\t<p style=\"margin-right: 0px; margin-bottom: 0px; margin-left: 0px; padding: 0px; border: 0px; outline: 0px; font-variant-numeric: normal; font-variant-east-asian: normal; font-stretch: normal; font-size: 14px; line-height: 23px; font-family: 'Open Sans', sans-serif; vertical-align: baseline; background-image: initial; background-position: initial; background-size: initial; background-repeat: initial; background-attachment: initial; background-origin: initial; background-clip: initial; color: #727272;\">La Sarl PM LUCAS Alg\u00e9rie est une soci\u00e9t\u00e9 de droit alg\u00e9rien, intervenant principalement dans le forage hydraulique, Forages Horizontaux (Pose de canalisations et travers\u00e9e de route sans tranch\u00e9e), Puits d\u2019Anodes et Puits de Terre, mais \u00e9galement la conception, la r\u00e9alisation et la mise \u00e0 disposition de base de vie en fabrication modulaire.<\/p><p style=\"margin-right: 0px; margin-bottom: 0px; margin-left: 0px; padding: 0px; border: 0px; outline: 0px; font-variant-numeric: normal; font-variant-east-asian: normal; font-stretch: normal; font-size: 14px; line-height: 23px; font-family: 'Open Sans', sans-serif; vertical-align: baseline; background-image: initial; background-position: initial; background-size: initial; background-repeat: initial; background-attachment: initial; background-origin: initial; background-clip: initial; color: #727272;\"><br><\/p><p><span style=\"color: rgb(114, 114, 114); font-family: &quot;Open Sans&quot;, sans-serif; font-size: 14px;\">Ayant son si\u00e8ge social \u00e0 Alger et \u00e9galement une base de vie op\u00e9rationnelle pour nos diff\u00e9rentes activit\u00e9s \u00e0 Hassi-Messaoud, PM LUCAS Alg\u00e9rie dispose d\u2019un effectif hautement qualifi\u00e9 dans les fili\u00e8res sp\u00e9cifiques \u00e0 ses activit\u00e9s, et a pour objectif d\u2019\u00eatre un acteur majeur dans des projets d\u2019envergure sur le territoire national.<\/span><\/p>\n<p style=\"margin-right: 0px; margin-bottom: 0px; margin-left: 0px; padding: 0px; border: 0px; outline: 0px; font-variant-numeric: normal; font-variant-east-asian: normal; font-stretch: normal; font-size: 14px; line-height: 23px; font-family: 'Open Sans', sans-serif; vertical-align: baseline; background-image: initial; background-position: initial; background-size: initial; background-repeat: initial; background-attachment: initial; background-origin: initial; background-clip: initial; color: #727272;\">Il reste bien entendu que nos effectifs varient en fonction des plans de charge.<\/p><p style=\"margin-right: 0px; margin-bottom: 0px; margin-left: 0px; padding: 0px; border: 0px; outline: 0px; font-variant-numeric: normal; font-variant-east-asian: normal; font-stretch: normal; font-size: 14px; line-height: 23px; font-family: 'Open Sans', sans-serif; vertical-align: baseline; background-image: initial; background-position: initial; background-size: initial; background-repeat: initial; background-attachment: initial; background-origin: initial; background-clip: initial; color: #727272;\"><br><\/p>\n<p style=\"margin-right: 0px; margin-bottom: 0px; margin-left: 0px; padding: 0px; border: 0px; outline: 0px; font-variant-numeric: normal; font-variant-east-asian: normal; font-stretch: normal; font-size: 14px; line-height: 23px; font-family: 'Open Sans', sans-serif; vertical-align: baseline; background-image: initial; background-position: initial; background-size: initial; background-repeat: initial; background-attachment: initial; background-origin: initial; background-clip: initial; color: #727272;\"><strong style=\"margin: 0px; padding: 0px; border: 0px; outline: 0px; vertical-align: baseline; background: transparent; font-weight: bold;\">LUCAS Alg\u00e9rie,&nbsp;<\/strong>intervient dans les activit\u00e9s suivantes :<\/p>\n<p style=\"margin-right: 0px; margin-bottom: 0px; margin-left: 0px; padding: 0px; border: 0px; outline: 0px; font-variant-numeric: normal; font-variant-east-asian: normal; font-stretch: normal; font-size: 14px; line-height: 23px; font-family: 'Open Sans', sans-serif; vertical-align: baseline; background-image: initial; background-position: initial; background-size: initial; background-repeat: initial; background-attachment: initial; background-origin: initial; background-clip: initial; color: #727272;\">Date de cr\u00e9ation : 1999<br>Effectif : 55 employ\u00e9s<br>Capital : 2 000 000,00 DZD<\/p>\t\t\t\t\t\t<\/div>\n\t\t\t\t<\/div>\n\t\t\t\t\t<\/div>\n\t\t<\/div>\n\t\t\t\t\t\t\t<\/div>\n\t\t<\/section>\n\t\t\t\t<section class=\"elementor-section elementor-top-section elementor-element elementor-element-60fb03a elementor-section-boxed elementor-section-height-default elementor-section-height-default\" data-id=\"60fb03a\" data-element_type=\"section\">\n\t\t\t\t\t\t<div class=\"elementor-container elementor-column-gap-default\">\n\t\t\t\t\t<div class=\"elementor-column elementor-col-100 elementor-top-column elementor-element elementor-element-53d3dba\" data-id=\"53d3dba\" data-element_type=\"column\">\n\t\t\t<div class=\"elementor-widget-wrap elementor-element-populated\">\n\t\t\t\t\t\t\t\t<div class=\"elementor-element elementor-element-35b1320 elementor-widget-divider--view-line elementor-widget elementor-widget-divider\" data-id=\"35b1320\" data-element_type=\"widget\" data-widget_type=\"divider.default\">\n\t\t\t\t<div class=\"elementor-widget-container\">\n\t\t\t\t\t<div class=\"elementor-divider\">\n\t\t\t<span class=\"elementor-divider-separator\">\n\t\t\t\t\t\t<\/span>\n\t\t<\/div>\n\t\t\t\t<\/div>\n\t\t\t\t<\/div>\n\t\t\t\t\t<\/div>\n\t\t<\/div>\n\t\t\t\t\t\t\t<\/div>\n\t\t<\/section>\n\t\t\t\t<section class=\"elementor-section elementor-top-section elementor-element elementor-element-ff0f755 elementor-section-boxed elementor-section-height-default elementor-section-height-default\" data-id=\"ff0f755\" data-element_type=\"section\">\n\t\t\t\t\t\t<div class=\"elementor-container elementor-column-gap-default\">\n\t\t\t\t\t<div class=\"elementor-column elementor-col-100 elementor-top-column elementor-element elementor-element-9abe5b5\" data-id=\"9abe5b5\" data-element_type=\"column\">\n\t\t\t<div class=\"elementor-widget-wrap elementor-element-populated\">\n\t\t\t\t\t\t\t\t<div class=\"elementor-element elementor-element-5f1b713 elementor-invisible elementor-widget elementor-widget-construction-light-client\" data-id=\"5f1b713\" data-element_type=\"widget\" data-settings=\"{&quot;_animation&quot;:&quot;zoomIn&quot;}\" data-widget_type=\"construction-light-client.default\">\n\t\t\t\t<div class=\"elementor-widget-container\">\n\t\t\t        <section class=\"cons_light_client_logo_layout_two\">\r\n            <div class=\"container\">\r\n\r\n                \r\n                <div class=\"row\">\r\n                    <div class=\"owl-carousel owl-theme client_logo\">\r\n                        \t                            <div class=\"item\">\r\n\t                                <div class=\"box\">\r\n\t                                \t<a href=\"\" target=\"_blank\" rel=\"nofollow\"><img decoding=\"async\" src=\"https:\/\/lucasdz.com\/wordpress\/wp-content\/uploads\/2021\/04\/client-logo1.png\" class=\"img-fluid\"><\/a>\t                                    \r\n\t                                <\/div>\r\n\t                            <\/div>\r\n\t                        \t                            <div class=\"item\">\r\n\t                                <div class=\"box\">\r\n\t                                \t<a href=\"\" target=\"_blank\" rel=\"nofollow\"><img decoding=\"async\" src=\"https:\/\/lucasdz.com\/wordpress\/wp-content\/uploads\/2021\/04\/client-logo2.png\" class=\"img-fluid\"><\/a>\t                                    \r\n\t                                <\/div>\r\n\t                            <\/div>\r\n\t                        \t                            <div class=\"item\">\r\n\t                                <div class=\"box\">\r\n\t                                \t<a href=\"\" target=\"_blank\" rel=\"nofollow\"><img decoding=\"async\" src=\"https:\/\/lucasdz.com\/wordpress\/wp-content\/uploads\/2021\/04\/client-logo12.png\" class=\"img-fluid\"><\/a>\t                                    \r\n\t                                <\/div>\r\n\t                            <\/div>\r\n\t                        \t                            <div class=\"item\">\r\n\t                                <div class=\"box\">\r\n\t                                \t<a href=\"\" target=\"_blank\" rel=\"nofollow\"><img decoding=\"async\" src=\"https:\/\/lucasdz.com\/wordpress\/wp-content\/uploads\/2021\/04\/client-logo4.png\" class=\"img-fluid\"><\/a>\t                                    \r\n\t                                <\/div>\r\n\t                            <\/div>\r\n\t                        \t                            <div class=\"item\">\r\n\t                                <div class=\"box\">\r\n\t                                \t<a href=\"\" target=\"_blank\" rel=\"nofollow\"><img decoding=\"async\" src=\"https:\/\/lucasdz.com\/wordpress\/wp-content\/uploads\/2021\/04\/client-logo7.png\" class=\"img-fluid\"><\/a>\t                                    \r\n\t                                <\/div>\r\n\t                            <\/div>\r\n\t                        \t                            <div class=\"item\">\r\n\t                                <div class=\"box\">\r\n\t                                \t<a href=\"\" target=\"_blank\" rel=\"nofollow\"><img decoding=\"async\" src=\"https:\/\/lucasdz.com\/wordpress\/wp-content\/uploads\/2021\/04\/client-logo8.png\" class=\"img-fluid\"><\/a>\t                                    \r\n\t                                <\/div>\r\n\t                            <\/div>\r\n\t                        \t                            <div class=\"item\">\r\n\t                                <div class=\"box\">\r\n\t                                \t<a href=\"\" target=\"_blank\" rel=\"nofollow\"><img decoding=\"async\" src=\"https:\/\/lucasdz.com\/wordpress\/wp-content\/uploads\/2021\/04\/client-logo16.png\" class=\"img-fluid\"><\/a>\t                                    \r\n\t                                <\/div>\r\n\t                            <\/div>\r\n\t                        \t                            <div class=\"item\">\r\n\t                                <div class=\"box\">\r\n\t                                \t<a href=\"\" target=\"_blank\" rel=\"nofollow\"><img decoding=\"async\" src=\"https:\/\/lucasdz.com\/wordpress\/wp-content\/uploads\/2021\/04\/client-logo10.png\" class=\"img-fluid\"><\/a>\t                                    \r\n\t                                <\/div>\r\n\t                            <\/div>\r\n\t                        \t                            <div class=\"item\">\r\n\t                                <div class=\"box\">\r\n\t                                \t<a href=\"\" target=\"_blank\" rel=\"nofollow\"><img decoding=\"async\" src=\"https:\/\/lucasdz.com\/wordpress\/wp-content\/uploads\/2021\/04\/client-logo9.png\" class=\"img-fluid\"><\/a>\t                                    \r\n\t                                <\/div>\r\n\t                            <\/div>\r\n\t                        \t                            <div class=\"item\">\r\n\t                                <div class=\"box\">\r\n\t                                \t<a href=\"\" target=\"_blank\" rel=\"nofollow\"><img decoding=\"async\" src=\"https:\/\/lucasdz.com\/wordpress\/wp-content\/uploads\/2021\/04\/client-logo15.png\" class=\"img-fluid\"><\/a>\t                                    \r\n\t                                <\/div>\r\n\t                            <\/div>\r\n\t                        \t                            <div class=\"item\">\r\n\t                                <div class=\"box\">\r\n\t                                \t<a href=\"\" target=\"_blank\" rel=\"nofollow\"><img decoding=\"async\" src=\"https:\/\/lucasdz.com\/wordpress\/wp-content\/uploads\/2021\/04\/client-logo17.png\" class=\"img-fluid\"><\/a>\t                                    \r\n\t                                <\/div>\r\n\t                            <\/div>\r\n\t                        \t                            <div class=\"item\">\r\n\t                                <div class=\"box\">\r\n\t                                \t<a href=\"\" target=\"_blank\" rel=\"nofollow\"><img decoding=\"async\" src=\"https:\/\/lucasdz.com\/wordpress\/wp-content\/uploads\/2021\/04\/client-logo20.png\" class=\"img-fluid\"><\/a>\t                                    \r\n\t                                <\/div>\r\n\t                            <\/div>\r\n\t                                            <\/div>\r\n                <\/div>\r\n\r\n            <\/div>\r\n        <\/section>\r\n        \t\t<\/div>\n\t\t\t\t<\/div>\n\t\t\t\t\t<\/div>\n\t\t<\/div>\n\t\t\t\t\t\t\t<\/div>\n\t\t<\/section>\n\t\t\t\t\t\t<\/div>\n\t\t\t\t\t<\/div>\n\t\t","protected":false},"excerpt":{"rendered":"<p>Base de vie Hassi Messaoud : 7 500 m\u00b2 LUCAS Alg\u00e9rie,\u00a0intervient dans les activit\u00e9s suivantes : D\u00e9partement forages hydrauliques D\u00e9partement forages horizontaux et canalisations D\u00e9partement&hellip;<\/p>\n","protected":false},"author":1,"featured_media":0,"parent":0,"menu_order":0,"comment_status":"closed","ping_status":"closed","template":"elementor_header_footer","meta":{"footnotes":""},"class_list":["post-784","page","type-page","status-publish","hentry"],"_links":{"self":[{"href":"https:\/\/lucasdz.com\/index.php\/wp-json\/wp\/v2\/pages\/784","targetHints":{"allow":["GET"]}}],"collection":[{"href":"https:\/\/lucasdz.com\/index.php\/wp-json\/wp\/v2\/pages"}],"about":[{"href":"https:\/\/lucasdz.com\/index.php\/wp-json\/wp\/v2\/types\/page"}],"author":[{"embeddable":true,"href":"https:\/\/lucasdz.com\/index.php\/wp-json\/wp\/v2\/users\/1"}],"replies":[{"embeddable":true,"href":"https:\/\/lucasdz.com\/index.php\/wp-json\/wp\/v2\/comments?post=784"}],"version-history":[{"count":67,"href":"https:\/\/lucasdz.com\/index.php\/wp-json\/wp\/v2\/pages\/784\/revisions"}],"predecessor-version":[{"id":956,"href":"https:\/\/lucasdz.com\/index.php\/wp-json\/wp\/v2\/pages\/784\/revisions\/956"}],"wp:attachment":[{"href":"https:\/\/lucasdz.com\/index.php\/wp-json\/wp\/v2\/media?parent=784"}],"curies":[{"name":"wp","href":"https:\/\/api.w.org\/{rel}","templated":true}]}}