{"id":185,"date":"2018-02-28T03:53:09","date_gmt":"2018-02-28T03:53:09","guid":{"rendered":"http:\/\/offshorethemes.com\/demo\/sparkconstruction\/?page_id=185"},"modified":"2022-03-08T13:44:17","modified_gmt":"2022-03-08T13:44:17","slug":"contact","status":"publish","type":"page","link":"https:\/\/lucasdz.com\/index.php\/contact\/","title":{"rendered":"Contact Us"},"content":{"rendered":"\t\t<div data-elementor-type=\"wp-page\" data-elementor-id=\"185\" class=\"elementor elementor-185\" data-elementor-settings=\"[]\">\n\t\t\t\t\t\t\t<div class=\"elementor-section-wrap\">\n\t\t\t\t\t\t\t<section class=\"elementor-section elementor-top-section elementor-element elementor-element-02bc1a5 elementor-section-boxed elementor-section-height-default elementor-section-height-default\" data-id=\"02bc1a5\" data-element_type=\"section\">\n\t\t\t\t\t\t\t<div class=\"elementor-background-overlay\"><\/div>\n\t\t\t\t\t\t\t<div class=\"elementor-container elementor-column-gap-default\">\n\t\t\t\t\t<div class=\"elementor-column elementor-col-50 elementor-top-column elementor-element elementor-element-1991e54\" data-id=\"1991e54\" data-element_type=\"column\">\n\t\t\t<div class=\"elementor-widget-wrap\">\n\t\t\t\t\t\t\t\t\t<\/div>\n\t\t<\/div>\n\t\t\t\t<div class=\"elementor-column elementor-col-50 elementor-top-column elementor-element elementor-element-031e823\" data-id=\"031e823\" data-element_type=\"column\">\n\t\t\t<div class=\"elementor-widget-wrap elementor-element-populated\">\n\t\t\t\t\t\t\t\t<div class=\"elementor-element elementor-element-0914cbf elementor-widget elementor-widget-google_maps\" data-id=\"0914cbf\" data-element_type=\"widget\" data-widget_type=\"google_maps.default\">\n\t\t\t\t<div class=\"elementor-widget-container\">\n\t\t\t<div class=\"elementor-custom-embed\"><iframe frameborder=\"0\" scrolling=\"no\" marginheight=\"0\" marginwidth=\"0\" src=\"https:\/\/maps.google.com\/maps?q=8%2C%20Bd%20Sa%C3%AFd%20Hamdine%20Hydra%20ALGER&amp;t=m&amp;z=10&amp;output=embed&amp;iwloc=near\" title=\"8, Bd Sa\u00efd Hamdine Hydra ALGER\" aria-label=\"8, Bd Sa\u00efd Hamdine Hydra ALGER\"><\/iframe><\/div>\t\t<\/div>\n\t\t\t\t<\/div>\n\t\t\t\t<div class=\"elementor-element elementor-element-d922ab1 elementor-widget elementor-widget-heading\" data-id=\"d922ab1\" data-element_type=\"widget\" data-widget_type=\"heading.default\">\n\t\t\t\t<div class=\"elementor-widget-container\">\n\t\t\t<h2 class=\"elementor-heading-title elementor-size-default\"><h4 style=\"margin-bottom: 18px; padding: 0px; border: 0px; outline: 0px; font-size: 22px; vertical-align: baseline; background-image: initial; background-position: initial; background-size: initial; background-repeat: initial; background-attachment: initial; background-origin: initial; background-clip: initial; font-family: Raleway, sans-serif; font-weight: normal; color: rgb(39, 39, 39); line-height: 25px; white-space: normal;\">Adresse :<\/h4><\/h2>\t\t<\/div>\n\t\t\t\t<\/div>\n\t\t\t\t<div class=\"elementor-element elementor-element-f99058d elementor-widget elementor-widget-text-editor\" data-id=\"f99058d\" data-element_type=\"widget\" data-widget_type=\"text-editor.default\">\n\t\t\t\t<div class=\"elementor-widget-container\">\n\t\t\t\t\t\t\t\t<p><strong style=\"margin: 0px; padding: 0px; border: 0px; outline: 0px; font-size: 14px; vertical-align: baseline; background-image: initial; background-position: initial; background-size: initial; background-repeat: initial; background-attachment: initial; background-origin: initial; background-clip: initial; font-weight: bold; color: #727272; font-family: 'Open Sans', sans-serif;\">Lucas Entreprise Alg\u00e9rie<\/strong><br style=\"color: #727272; font-family: 'Open Sans', sans-serif; font-size: 14px;\" \/><span style=\"color: #727272; font-family: 'Open Sans', sans-serif; font-size: 14px;\">8, Bd Sa\u00efd Hamdine Hydra ALGER<\/span><br style=\"color: #727272; font-family: 'Open Sans', sans-serif; font-size: 14px;\" \/><span style=\"color: #727272; font-family: 'Open Sans', sans-serif; font-size: 14px;\">T\u00e9l\u00e9phone : +231 021 60 80 26\/28<\/span><br style=\"color: #727272; font-family: 'Open Sans', sans-serif; font-size: 14px;\" \/><span style=\"color: #727272; font-family: 'Open Sans', sans-serif; font-size: 14px;\">Fax: +213 021 60 27 98<\/span><br style=\"color: #727272; font-family: 'Open Sans', sans-serif; font-size: 14px;\" \/><span style=\"color: #727272; font-family: 'Open Sans', sans-serif; font-size: 14px;\">E-mail :\u00a0<\/span><a style=\"margin: 0px; padding: 0px; border: 0px; outline: 0px; font-size: 14px; vertical-align: baseline; background: #ffffff; color: #13afeb; font-family: 'Open Sans', sans-serif;\" href=\"mailto:contact@lucasdz.com\">contact@lucasdz.com<\/a><\/p>\t\t\t\t\t\t<\/div>\n\t\t\t\t<\/div>\n\t\t\t\t\t<\/div>\n\t\t<\/div>\n\t\t\t\t\t\t\t<\/div>\n\t\t<\/section>\n\t\t\t\t\t\t<\/div>\n\t\t\t\t\t<\/div>\n\t\t","protected":false},"excerpt":{"rendered":"<p>Adresse : Lucas Entreprise Alg\u00e9rie8, Bd Sa\u00efd Hamdine Hydra ALGERT\u00e9l\u00e9phone : +231 021 60 80 26\/28Fax: +213 021 60 27 98E-mail :\u00a0contact@lucasdz.com<\/p>\n","protected":false},"author":1,"featured_media":0,"parent":0,"menu_order":0,"comment_status":"closed","ping_status":"closed","template":"elementor_header_footer","meta":{"footnotes":""},"class_list":["post-185","page","type-page","status-publish","hentry"],"_links":{"self":[{"href":"https:\/\/lucasdz.com\/index.php\/wp-json\/wp\/v2\/pages\/185","targetHints":{"allow":["GET"]}}],"collection":[{"href":"https:\/\/lucasdz.com\/index.php\/wp-json\/wp\/v2\/pages"}],"about":[{"href":"https:\/\/lucasdz.com\/index.php\/wp-json\/wp\/v2\/types\/page"}],"author":[{"embeddable":true,"href":"https:\/\/lucasdz.com\/index.php\/wp-json\/wp\/v2\/users\/1"}],"replies":[{"embeddable":true,"href":"https:\/\/lucasdz.com\/index.php\/wp-json\/wp\/v2\/comments?post=185"}],"version-history":[{"count":16,"href":"https:\/\/lucasdz.com\/index.php\/wp-json\/wp\/v2\/pages\/185\/revisions"}],"predecessor-version":[{"id":3516,"href":"https:\/\/lucasdz.com\/index.php\/wp-json\/wp\/v2\/pages\/185\/revisions\/3516"}],"wp:attachment":[{"href":"https:\/\/lucasdz.com\/index.php\/wp-json\/wp\/v2\/media?parent=185"}],"curies":[{"name":"wp","href":"https:\/\/api.w.org\/{rel}","templated":true}]}}